{"id":29,"date":"2025-03-01T16:33:19","date_gmt":"2025-03-01T16:33:19","guid":{"rendered":"https:\/\/logopedazyrafka.pl\/?page_id=29"},"modified":"2025-03-12T17:36:30","modified_gmt":"2025-03-12T17:36:30","slug":"zakres-uslug","status":"publish","type":"page","link":"https:\/\/logopedazyrafka.pl\/index.php\/zakres-uslug\/","title":{"rendered":"Zakres us\u0142ug"},"content":{"rendered":"\n<h2 class=\"wp-block-heading\">Konsultacja logopedyczna<\/h2>\n\n\n<div class=\"wp-block-image\">\n<figure class=\"alignleft size-full is-resized\"><img loading=\"lazy\" decoding=\"async\" width=\"456\" height=\"598\" src=\"http:\/\/logopedazyrafka.pl\/wp-content\/uploads\/2025\/03\/Persona1.png\" alt=\"\" class=\"wp-image-92\" style=\"width:159px;height:auto\" srcset=\"https:\/\/logopedazyrafka.pl\/wp-content\/uploads\/2025\/03\/Persona1.png 456w, https:\/\/logopedazyrafka.pl\/wp-content\/uploads\/2025\/03\/Persona1-229x300.png 229w\" sizes=\"auto, (max-width: 456px) 100vw, 456px\" \/><\/figure>\n<\/div>\n\n\n<h4 class=\"wp-block-heading\">Konsultacja logopedyczna to pierwszy krok do wsparcia prawid\u0142owego rozwoju mowy dziecka. Pozwala oceni\u0107, czy proces ten przebiega prawid\u0142owo oraz czy dany pacjent wymaga podj\u0119cia terapii logopedycznej. Konsultacja umo\u017cliwia wykrycie ewentualnych trudno\u015bci i nieprawid\u0142owo\u015bci w mowie dziecka, a tak\u017ce zapobiega ich pog\u0142\u0119bianiu.<\/h4>\n\n\n\n<h2 class=\"wp-block-heading\">Diagnoza logopedyczna<\/h2>\n\n\n\n<h4 class=\"wp-block-heading\">Wczesna diagnoza logopedyczna jest jednym z element\u00f3w kompleksowej oceny rozwoju dziecka. Dzi\u0119ki niej mo\u017cliwe jest szybkie wsparcie i zaplanowanie indywidualnej terapii, kt\u00f3ra pozwoli rozwija\u0107 mow\u0119 i umiej\u0119tno\u015bci komunikacyjne.<\/h4>\n\n\n<div class=\"wp-block-image\">\n<figure class=\"alignleft size-full is-resized\"><img loading=\"lazy\" decoding=\"async\" width=\"456\" height=\"598\" src=\"http:\/\/logopedazyrafka.pl\/wp-content\/uploads\/2025\/03\/Persona2.png\" alt=\"\" class=\"wp-image-94\" style=\"width:157px;height:auto\" srcset=\"https:\/\/logopedazyrafka.pl\/wp-content\/uploads\/2025\/03\/Persona2.png 456w, https:\/\/logopedazyrafka.pl\/wp-content\/uploads\/2025\/03\/Persona2-229x300.png 229w\" sizes=\"auto, (max-width: 456px) 100vw, 456px\" \/><\/figure>\n<\/div>\n\n\n<h2 class=\"wp-block-heading\">Terapia logopedyczna<\/h2>\n\n\n\n<h4 class=\"wp-block-heading\">Ucz\u0119szczaj\u0105c na terapi\u0119 logopedyczn\u0105 dziecko otrzymuje mo\u017cliwo\u015b\u0107 prawid\u0142owego rozwini\u0119cia mowy, dzi\u0119ki czemu zyskuje wi\u0119ksz\u0105 swobod\u0119 w komunikacji z otoczeniem, \u0142atwiej nawi\u0105zuje relacje, a tym samym buduje pewno\u015b\u0107 siebie w kontaktach z r\u00f3wie\u015bnikami i doros\u0142ymi. Terapia to tak\u017ce szansa dla rodzic\u00f3w, aby dowiedzie\u0107 si\u0119, jak wspiera\u0107 rozw\u00f3j mowy swojego dziecka w codziennych sytuacjach. Im wcze\u015bniej zacznie si\u0119 dzia\u0142a\u0107, tym lepsze efekty mo\u017cna osi\u0105gn\u0105\u0107.<\/h4>\n\n\n\n<p><\/p>\n\n\n\n<div class=\"wp-block-columns is-layout-flex wp-container-core-columns-is-layout-9d6595d7 wp-block-columns-is-layout-flex\">\n<div class=\"wp-block-column is-layout-flow wp-block-column-is-layout-flow\" style=\"flex-basis:100%\">\n<div class=\"wp-block-group\"><div class=\"wp-block-group__inner-container is-layout-constrained wp-block-group-is-layout-constrained\">\n<h4 class=\"wp-block-heading has-text-align-left\">Oferuj\u0119 us\u0142ug\u0119 terapii logopedycznej dzieciom:<br>&#8211; z op\u00f3\u017anionym rozwojem mowy<br>&#8211; z wadami wymowy<br>&#8211; w spektrum autyzmu<br>&#8211; z apraksj\u0105 mowy<br>&#8211; korzystaj\u0105cym z komunikacji alternatywnej i wspomagaj\u0105cej<br>&#8211; z niep\u0142ynno\u015bci\u0105 mowy<br>&#8211; z dysleksj\u0105<br>&#8211; maj\u0105cym trudno\u015bci z nauk\u0105 czytania i pisania<\/h4>\n<\/div><\/div>\n<\/div>\n<\/div>\n\n\n<div class=\"wp-block-image\">\n<figure class=\"alignleft size-full is-resized\"><img loading=\"lazy\" decoding=\"async\" width=\"456\" height=\"598\" src=\"http:\/\/logopedazyrafka.pl\/wp-content\/uploads\/2025\/03\/Persona3.png\" alt=\"\" class=\"wp-image-95\" style=\"width:142px;height:auto\" srcset=\"https:\/\/logopedazyrafka.pl\/wp-content\/uploads\/2025\/03\/Persona3.png 456w, https:\/\/logopedazyrafka.pl\/wp-content\/uploads\/2025\/03\/Persona3-229x300.png 229w\" sizes=\"auto, (max-width: 456px) 100vw, 456px\" \/><\/figure>\n<\/div>\n\n\n<h2 class=\"wp-block-heading\">Terapia logopedyczna z elektrostymulacj\u0105<\/h2>\n\n\n\n<h4 class=\"wp-block-heading\">Elektrostymulacja to skuteczne wsparcie w terapii logopedycznej dzieci, szczeg\u00f3lnie przy trudno\u015bciach z napi\u0119ciem mi\u0119\u015bniowym w obr\u0119bie twarzy i aparatu mowy. Delikatne impulsy pobudzaj\u0105 mi\u0119\u015bnie do pracy, wspomagaj\u0105c ich prawid\u0142owe funkcjonowanie. Dzi\u0119ki temu poprawia si\u0119 artykulacja, koordynacja ruchowa narz\u0105d\u00f3w mowy oraz og\u00f3lna sprawno\u015b\u0107 komunikacyjna dziecka. To nowoczesna metoda, kt\u00f3ra przyspiesza efekty terapii i czyni j\u0105 jeszcze skuteczniejsz\u0105.<\/h4>\n\n\n<div class=\"wp-block-image\">\n<figure class=\"alignleft size-full is-resized\"><img loading=\"lazy\" decoding=\"async\" width=\"456\" height=\"598\" src=\"http:\/\/logopedazyrafka.pl\/wp-content\/uploads\/2025\/03\/Persona4.png\" alt=\"\" class=\"wp-image-97\" style=\"width:138px;height:auto\" srcset=\"https:\/\/logopedazyrafka.pl\/wp-content\/uploads\/2025\/03\/Persona4.png 456w, https:\/\/logopedazyrafka.pl\/wp-content\/uploads\/2025\/03\/Persona4-229x300.png 229w\" sizes=\"auto, (max-width: 456px) 100vw, 456px\" \/><\/figure>\n<\/div>\n\n\n<h2 class=\"wp-block-heading\">Terapia miofunkcjonalna<\/h2>\n\n\n\n<h4 class=\"wp-block-heading\">Terapia miofunkcjonalna pomaga przywr\u00f3ci\u0107 prawid\u0142owe napi\u0119cie i prac\u0119 mi\u0119\u015bni aparatu mowy, co jest kluczowe dla poprawnej artykulacji, oddychania, po\u0142ykania i \u017cucia. Dzi\u0119ki specjalnym \u0107wiczeniom dziecko uczy si\u0119 w\u0142a\u015bciwego u\u0142o\u017cenia j\u0119zyka, co sprzyja eliminacji wad wymowy i zapobiega problemom zgryzowym.<\/h4>\n\n\n\n<p><\/p>\n\n\n\n<p><\/p>\n","protected":false},"excerpt":{"rendered":"<p>Konsultacja logopedyczna Konsultacja logopedyczna to pierwszy krok do wsparcia prawid\u0142owego rozwoju mowy dziecka. Pozwala oceni\u0107, czy proces ten przebiega prawid\u0142owo oraz czy dany pacjent wymaga podj\u0119cia terapii logopedycznej. Konsultacja umo\u017cliwia wykrycie ewentualnych trudno\u015bci i nieprawid\u0142owo\u015bci w mowie dziecka, a tak\u017ce zapobiega ich pog\u0142\u0119bianiu. Diagnoza logopedyczna Wczesna diagnoza logopedyczna jest jednym z element\u00f3w kompleksowej oceny rozwoju&hellip;&nbsp;<a href=\"https:\/\/logopedazyrafka.pl\/index.php\/zakres-uslug\/\" rel=\"bookmark\">Dowiedz si\u0119 wi\u0119cej &raquo;<span class=\"screen-reader-text\">Zakres us\u0142ug<\/span><\/a><\/p>\n","protected":false},"author":1,"featured_media":0,"parent":0,"menu_order":0,"comment_status":"closed","ping_status":"closed","template":"","meta":{"neve_meta_sidebar":"","neve_meta_container":"","neve_meta_enable_content_width":"on","neve_meta_content_width":100,"neve_meta_title_alignment":"","neve_meta_author_avatar":"","neve_post_elements_order":"","neve_meta_disable_header":"","neve_meta_disable_footer":"","neve_meta_disable_title":"on","footnotes":""},"class_list":["post-29","page","type-page","status-publish","hentry"],"_links":{"self":[{"href":"https:\/\/logopedazyrafka.pl\/index.php\/wp-json\/wp\/v2\/pages\/29","targetHints":{"allow":["GET"]}}],"collection":[{"href":"https:\/\/logopedazyrafka.pl\/index.php\/wp-json\/wp\/v2\/pages"}],"about":[{"href":"https:\/\/logopedazyrafka.pl\/index.php\/wp-json\/wp\/v2\/types\/page"}],"author":[{"embeddable":true,"href":"https:\/\/logopedazyrafka.pl\/index.php\/wp-json\/wp\/v2\/users\/1"}],"replies":[{"embeddable":true,"href":"https:\/\/logopedazyrafka.pl\/index.php\/wp-json\/wp\/v2\/comments?post=29"}],"version-history":[{"count":12,"href":"https:\/\/logopedazyrafka.pl\/index.php\/wp-json\/wp\/v2\/pages\/29\/revisions"}],"predecessor-version":[{"id":189,"href":"https:\/\/logopedazyrafka.pl\/index.php\/wp-json\/wp\/v2\/pages\/29\/revisions\/189"}],"wp:attachment":[{"href":"https:\/\/logopedazyrafka.pl\/index.php\/wp-json\/wp\/v2\/media?parent=29"}],"curies":[{"name":"wp","href":"https:\/\/api.w.org\/{rel}","templated":true}]}}