{"id":124,"date":"2025-03-03T16:59:04","date_gmt":"2025-03-03T16:59:04","guid":{"rendered":"https:\/\/logopedazyrafka.pl\/?page_id=124"},"modified":"2025-03-03T16:59:04","modified_gmt":"2025-03-03T16:59:04","slug":"cennik","status":"publish","type":"page","link":"https:\/\/logopedazyrafka.pl\/index.php\/cennik\/","title":{"rendered":"Cennik"},"content":{"rendered":"\n<p><\/p>\n\n\n\n<div class=\"wp-block-group alignfull has-background-background-color has-background\" style=\"border-top-width:1px;margin-top:0;margin-bottom:0;padding-top:var(--wp--preset--spacing--60);padding-right:var(--wp--preset--spacing--30);padding-bottom:var(--wp--preset--spacing--60);padding-left:var(--wp--preset--spacing--30)\"><div class=\"wp-block-group__inner-container is-layout-constrained wp-container-core-group-is-layout-cad32e20 wp-block-group-is-layout-constrained\">\n<div class=\"wp-block-group alignwide is-vertical is-layout-flex wp-container-core-group-is-layout-8cf370e7 wp-block-group-is-layout-flex\">\n<div class=\"wp-block-group\"><div class=\"wp-block-group__inner-container is-layout-constrained wp-block-group-is-layout-constrained\">\n<h2 class=\"wp-block-heading has-large-font-size\">Oferowane us\u0142ugi i ceny<\/h2>\n<\/div><\/div>\n<\/div>\n\n\n\n<div class=\"wp-block-columns alignwide is-layout-flex wp-container-core-columns-is-layout-057de54d wp-block-columns-is-layout-flex\" style=\"margin-top:var(--wp--preset--spacing--50)\">\n<div class=\"wp-block-column is-layout-flow wp-block-column-is-layout-flow\" style=\"border-width:1px\">\n<div class=\"wp-block-group\" style=\"padding-top:var(--wp--preset--spacing--40);padding-right:var(--wp--preset--spacing--30);padding-bottom:var(--wp--preset--spacing--40);padding-left:var(--wp--preset--spacing--30)\"><div class=\"wp-block-group__inner-container is-layout-constrained wp-container-core-group-is-layout-a93d0d1d wp-block-group-is-layout-constrained\">\n<h2 class=\"wp-block-heading has-text-align-center\" style=\"margin-top:12px\">180 z\u0142<\/h2>\n\n\n\n<h5 class=\"wp-block-heading has-text-align-center\" style=\"margin-top:16px;font-size:20px\">Konsultacja logopedyczna <br>(60 min)<\/h5>\n\n\n\n<p class=\"has-small-font-size\" style=\"margin-top:var(--wp--preset--spacing--40)\">Konsultacja logopedyczna to pierwszy krok do wsparcia prawid\u0142owego rozwoju mowy dziecka. Pozwala oceni\u0107, czy proces ten przebiega prawid\u0142owo oraz czy dany pacjent wymaga podj\u0119cia terapii logopedycznej. Konsultacja umo\u017cliwia wykrycie ewentualnych trudno\u015bci i nieprawid\u0142owo\u015bci w mowie dziecka, a tak\u017ce zapobiega ich pog\u0142\u0119bianiu.<\/p>\n<\/div><\/div>\n<\/div>\n\n\n\n<div class=\"wp-block-column is-layout-flow wp-block-column-is-layout-flow\" style=\"border-width:1px\">\n<div class=\"wp-block-group\" style=\"padding-top:var(--wp--preset--spacing--40);padding-right:var(--wp--preset--spacing--30);padding-bottom:var(--wp--preset--spacing--40);padding-left:var(--wp--preset--spacing--30)\"><div class=\"wp-block-group__inner-container is-layout-constrained wp-container-core-group-is-layout-a93d0d1d wp-block-group-is-layout-constrained\">\n<h2 class=\"wp-block-heading has-text-align-center\" style=\"margin-top:12px\">350 z\u0142<\/h2>\n\n\n\n<h3 class=\"wp-block-heading has-text-align-center\" style=\"margin-top:16px;font-size:20px\">Diagnoza logopedyczna (2 x 60 min i wydanie opinii pisemnej)<\/h3>\n\n\n\n<p class=\"has-small-font-size\" style=\"margin-top:var(--wp--preset--spacing--40)\">Wczesna diagnoza logopedyczna jest jednym z element\u00f3w kompleksowej oceny rozwoju dziecka. Dzi\u0119ki niej mo\u017cliwe jest szybkie wsparcie i zaplanowanie indywidualnej terapii, kt\u00f3ra pozwoli rozwija\u0107 mow\u0119 i umiej\u0119tno\u015bci komunikacyjne.<\/p>\n<\/div><\/div>\n<\/div>\n\n\n\n<div class=\"wp-block-column is-layout-flow wp-block-column-is-layout-flow\" style=\"border-width:1px\">\n<div class=\"wp-block-group\" style=\"padding-top:var(--wp--preset--spacing--40);padding-right:var(--wp--preset--spacing--30);padding-bottom:var(--wp--preset--spacing--40);padding-left:var(--wp--preset--spacing--30)\"><div class=\"wp-block-group__inner-container is-layout-constrained wp-container-core-group-is-layout-a93d0d1d wp-block-group-is-layout-constrained\">\n<h2 class=\"wp-block-heading has-text-align-center\" style=\"margin-top:12px\">150 z\u0142<\/h2>\n\n\n\n<h3 class=\"wp-block-heading has-text-align-center\" style=\"margin-top:16px;font-size:20px\">Terapia logopedyczna (60 min)<br><\/h3>\n\n\n\n<p class=\"has-small-font-size\" style=\"margin-top:var(--wp--preset--spacing--40)\">Ucz\u0119szczaj\u0105c na terapi\u0119 logopedyczn\u0105 dziecko otrzymuje mo\u017cliwo\u015b\u0107 prawid\u0142owego rozwini\u0119cia mowy, dzi\u0119ki czemu zyskuje wi\u0119ksz\u0105 swobod\u0119 w komunikacji z otoczeniem, \u0142atwiej nawi\u0105zuje relacje, a tym samym buduje pewno\u015b\u0107 siebie w kontaktach z r\u00f3wie\u015bnikami i doros\u0142ymi. Terapia to tak\u017ce szansa dla rodzic\u00f3w, aby dowiedzie\u0107 si\u0119, jak wspiera\u0107 rozw\u00f3j mowy swojego dziecka w codziennych sytuacjach. Im wcze\u015bniej zacznie si\u0119 dzia\u0142a\u0107, tym lepsze efekty mo\u017cna osi\u0105gn\u0105\u0107<\/p>\n<\/div><\/div>\n<\/div>\n<\/div>\n<\/div><\/div>\n\n\n\n<div class=\"wp-block-group alignfull has-background-background-color has-background\" style=\"border-top-width:1px;margin-top:0;margin-bottom:0;padding-top:var(--wp--preset--spacing--60);padding-right:var(--wp--preset--spacing--30);padding-bottom:var(--wp--preset--spacing--60);padding-left:var(--wp--preset--spacing--30)\"><div class=\"wp-block-group__inner-container is-layout-constrained wp-container-core-group-is-layout-cad32e20 wp-block-group-is-layout-constrained\">\n<div class=\"wp-block-columns alignwide is-layout-flex wp-container-core-columns-is-layout-057de54d wp-block-columns-is-layout-flex\" style=\"margin-top:var(--wp--preset--spacing--50)\">\n<div class=\"wp-block-column is-layout-flow wp-block-column-is-layout-flow\" style=\"border-width:1px\">\n<div class=\"wp-block-group\" style=\"padding-top:var(--wp--preset--spacing--40);padding-right:var(--wp--preset--spacing--30);padding-bottom:var(--wp--preset--spacing--40);padding-left:var(--wp--preset--spacing--30)\"><div class=\"wp-block-group__inner-container is-layout-constrained wp-container-core-group-is-layout-a93d0d1d wp-block-group-is-layout-constrained\">\n<h2 class=\"wp-block-heading has-text-align-center\" style=\"margin-top:12px\">180 z\u0142<\/h2>\n\n\n\n<h5 class=\"wp-block-heading has-text-align-center\" style=\"margin-top:16px;font-size:20px\">Terapia logopedyczna z elektrostymulacj\u0105 (60 min)<\/h5>\n\n\n\n<p class=\"has-small-font-size\" style=\"margin-top:var(--wp--preset--spacing--40)\">Elektrostymulacja to skuteczne wsparcie w terapii logopedycznej dzieci, szczeg\u00f3lnie przy trudno\u015bciach z napi\u0119ciem mi\u0119\u015bniowym w obr\u0119bie twarzy i aparatu mowy. Delikatne impulsy pobudzaj\u0105 mi\u0119\u015bnie do pracy, wspomagaj\u0105c ich prawid\u0142owe funkcjonowanie. Dzi\u0119ki temu poprawia si\u0119 artykulacja, koordynacja ruchowa narz\u0105d\u00f3w mowy oraz og\u00f3lna sprawno\u015b\u0107 komunikacyjna dziecka. To nowoczesna metoda, kt\u00f3ra przyspiesza efekty terapii i czyni j\u0105 jeszcze skuteczniejsz\u0105.<\/p>\n<\/div><\/div>\n<\/div>\n\n\n\n<div class=\"wp-block-column is-layout-flow wp-block-column-is-layout-flow\" style=\"border-width:1px\">\n<div class=\"wp-block-group\" style=\"padding-top:var(--wp--preset--spacing--40);padding-right:var(--wp--preset--spacing--30);padding-bottom:var(--wp--preset--spacing--40);padding-left:var(--wp--preset--spacing--30)\"><div class=\"wp-block-group__inner-container is-layout-constrained wp-container-core-group-is-layout-a93d0d1d wp-block-group-is-layout-constrained\">\n<h2 class=\"wp-block-heading has-text-align-center\" style=\"margin-top:12px\">150 z\u0142<\/h2>\n\n\n\n<h3 class=\"wp-block-heading has-text-align-center\" style=\"margin-top:16px;font-size:20px\">Terapia miofunkcjonalna<br><\/h3>\n\n\n\n<p class=\"has-small-font-size\" style=\"margin-top:var(--wp--preset--spacing--40)\">Terapia miofunkcjonalna pomaga przywr\u00f3ci\u0107 prawid\u0142owe napi\u0119cie i prac\u0119 mi\u0119\u015bni aparatu mowy, co jest kluczowe dla poprawnej artykulacji, oddychania, po\u0142ykania i \u017cucia. Dzi\u0119ki specjalnym \u0107wiczeniom dziecko uczy si\u0119 w\u0142a\u015bciwego u\u0142o\u017cenia j\u0119zyka, co sprzyja eliminacji wad wymowy i zapobiega problemom zgryzowym.<\/p>\n<\/div><\/div>\n<\/div>\n\n\n\n<div class=\"wp-block-column is-layout-flow wp-block-column-is-layout-flow\" style=\"border-width:1px\">\n<div class=\"wp-block-group\" style=\"padding-top:var(--wp--preset--spacing--40);padding-right:var(--wp--preset--spacing--30);padding-bottom:var(--wp--preset--spacing--40);padding-left:var(--wp--preset--spacing--30)\"><div class=\"wp-block-group__inner-container is-layout-constrained wp-container-core-group-is-layout-a93d0d1d wp-block-group-is-layout-constrained\">\n<h2 class=\"wp-block-heading has-text-align-center\" style=\"margin-top:12px\">100 z\u0142<\/h2>\n\n\n\n<h3 class=\"wp-block-heading has-text-align-center\" style=\"margin-top:16px;font-size:20px\">Wydanie opinii logopedycznej pacjentowi ucz\u0119szczaj\u0105cemu na terapi\u0119<\/h3>\n<\/div><\/div>\n<\/div>\n<\/div>\n<\/div><\/div>\n\n\n\n<p><\/p>\n","protected":false},"excerpt":{"rendered":"<p>Oferowane us\u0142ugi i ceny 180 z\u0142 Konsultacja logopedyczna (60 min) Konsultacja logopedyczna to pierwszy krok do wsparcia prawid\u0142owego rozwoju mowy dziecka. Pozwala oceni\u0107, czy proces ten przebiega prawid\u0142owo oraz czy dany pacjent wymaga podj\u0119cia terapii logopedycznej. Konsultacja umo\u017cliwia wykrycie ewentualnych trudno\u015bci i nieprawid\u0142owo\u015bci w mowie dziecka, a tak\u017ce zapobiega ich pog\u0142\u0119bianiu. 350 z\u0142 Diagnoza logopedyczna&hellip;&nbsp;<a href=\"https:\/\/logopedazyrafka.pl\/index.php\/cennik\/\" rel=\"bookmark\">Dowiedz si\u0119 wi\u0119cej &raquo;<span class=\"screen-reader-text\">Cennik<\/span><\/a><\/p>\n","protected":false},"author":1,"featured_media":0,"parent":0,"menu_order":0,"comment_status":"closed","ping_status":"closed","template":"","meta":{"neve_meta_sidebar":"","neve_meta_container":"","neve_meta_enable_content_width":"","neve_meta_content_width":0,"neve_meta_title_alignment":"","neve_meta_author_avatar":"","neve_post_elements_order":"","neve_meta_disable_header":"","neve_meta_disable_footer":"","neve_meta_disable_title":"","footnotes":""},"class_list":["post-124","page","type-page","status-publish","hentry"],"_links":{"self":[{"href":"https:\/\/logopedazyrafka.pl\/index.php\/wp-json\/wp\/v2\/pages\/124","targetHints":{"allow":["GET"]}}],"collection":[{"href":"https:\/\/logopedazyrafka.pl\/index.php\/wp-json\/wp\/v2\/pages"}],"about":[{"href":"https:\/\/logopedazyrafka.pl\/index.php\/wp-json\/wp\/v2\/types\/page"}],"author":[{"embeddable":true,"href":"https:\/\/logopedazyrafka.pl\/index.php\/wp-json\/wp\/v2\/users\/1"}],"replies":[{"embeddable":true,"href":"https:\/\/logopedazyrafka.pl\/index.php\/wp-json\/wp\/v2\/comments?post=124"}],"version-history":[{"count":1,"href":"https:\/\/logopedazyrafka.pl\/index.php\/wp-json\/wp\/v2\/pages\/124\/revisions"}],"predecessor-version":[{"id":125,"href":"https:\/\/logopedazyrafka.pl\/index.php\/wp-json\/wp\/v2\/pages\/124\/revisions\/125"}],"wp:attachment":[{"href":"https:\/\/logopedazyrafka.pl\/index.php\/wp-json\/wp\/v2\/media?parent=124"}],"curies":[{"name":"wp","href":"https:\/\/api.w.org\/{rel}","templated":true}]}}