{"id":12,"date":"2025-03-01T16:33:19","date_gmt":"2025-03-01T16:33:19","guid":{"rendered":"https:\/\/logopedazyrafka.pl\/?page_id=12"},"modified":"2025-03-13T16:41:46","modified_gmt":"2025-03-13T16:41:46","slug":"strona-glowna","status":"publish","type":"page","link":"https:\/\/logopedazyrafka.pl\/","title":{"rendered":"Strona g\u0142\u00f3wna"},"content":{"rendered":"\n<div class=\"wp-block-cover alignfull is-light\" style=\"min-height:800px;aspect-ratio:unset;\"><span aria-hidden=\"true\" class=\"wp-block-cover__background has-background-dim-0 has-background-dim\"><\/span><img loading=\"lazy\" decoding=\"async\" width=\"5604\" height=\"3203\" class=\"wp-block-cover__image-background wp-image-191\" alt=\"\" src=\"http:\/\/logopedazyrafka.pl\/wp-content\/uploads\/2025\/03\/general_1.png\" data-object-fit=\"cover\" srcset=\"https:\/\/logopedazyrafka.pl\/wp-content\/uploads\/2025\/03\/general_1.png 5604w, https:\/\/logopedazyrafka.pl\/wp-content\/uploads\/2025\/03\/general_1-300x171.png 300w, https:\/\/logopedazyrafka.pl\/wp-content\/uploads\/2025\/03\/general_1-1024x585.png 1024w, https:\/\/logopedazyrafka.pl\/wp-content\/uploads\/2025\/03\/general_1-768x439.png 768w, https:\/\/logopedazyrafka.pl\/wp-content\/uploads\/2025\/03\/general_1-1536x878.png 1536w, https:\/\/logopedazyrafka.pl\/wp-content\/uploads\/2025\/03\/general_1-2048x1171.png 2048w\" sizes=\"auto, (max-width: 5604px) 100vw, 5604px\" \/><div class=\"wp-block-cover__inner-container is-layout-constrained wp-block-cover-is-layout-constrained\"><div class=\"wp-block-image\">\n<figure class=\"aligncenter size-large is-resized\"><img loading=\"lazy\" decoding=\"async\" width=\"1024\" height=\"1024\" src=\"http:\/\/logopedazyrafka.pl\/wp-content\/uploads\/2025\/03\/Zyrafka_logo_www-1024x1024.png\" alt=\"\" class=\"wp-image-62\" style=\"width:431px;height:auto\" srcset=\"https:\/\/logopedazyrafka.pl\/wp-content\/uploads\/2025\/03\/Zyrafka_logo_www-1024x1024.png 1024w, https:\/\/logopedazyrafka.pl\/wp-content\/uploads\/2025\/03\/Zyrafka_logo_www-300x300.png 300w, https:\/\/logopedazyrafka.pl\/wp-content\/uploads\/2025\/03\/Zyrafka_logo_www-150x150.png 150w, https:\/\/logopedazyrafka.pl\/wp-content\/uploads\/2025\/03\/Zyrafka_logo_www-768x768.png 768w, https:\/\/logopedazyrafka.pl\/wp-content\/uploads\/2025\/03\/Zyrafka_logo_www.png 1049w\" sizes=\"auto, (max-width: 1024px) 100vw, 1024px\" \/><\/figure>\n<\/div>\n\n\n<p><\/p>\n\n\n\n<h1 class=\"wp-block-heading\"><mark style=\"background-color:rgba(0, 0, 0, 0)\" class=\"has-inline-color has-neve-text-color-color\">Podaruj dziecku swobod\u0119 komunikacji.<\/mark><\/h1>\n\n\n\n<p><\/p>\n\n\n\n<p><\/p>\n\n\n\n<p><\/p>\n\n\n\n<p><\/p>\n<\/div><\/div>\n\n\n\n<div style=\"height:40px\" aria-hidden=\"true\" class=\"wp-block-spacer\"><\/div>\n\n\n\n<div class=\"wp-block-columns is-layout-flex wp-container-core-columns-is-layout-9d6595d7 wp-block-columns-is-layout-flex\">\n<div class=\"wp-block-column neve-duotone is-layout-flow wp-block-column-is-layout-flow\" style=\"padding-right:var(--wp--preset--spacing--30);padding-left:var(--wp--preset--spacing--30)\"><div class=\"wp-block-image icon-style is-style-default wp-duotone-unset-1\">\n<figure class=\"aligncenter size-full is-resized has-custom-border\"><a href=\"https:\/\/logopedazyrafka.pl\/index.php\/zakres-uslug\/\"><img loading=\"lazy\" decoding=\"async\" width=\"93\" height=\"103\" src=\"http:\/\/logopedazyrafka.pl\/wp-content\/uploads\/2025\/03\/Uslugi.png\" alt=\"\" class=\"wp-image-80\" style=\"border-radius:0px;width:64px;height:auto\" title=\"\"\/><\/a><\/figure>\n<\/div>\n\n\n<div style=\"height:16px\" aria-hidden=\"true\" class=\"wp-block-spacer\"><\/div>\n\n\n\n<h3 class=\"wp-block-heading has-text-align-center has-neve-text-color-color has-text-color\">Us\u0142ugi<\/h3>\n\n\n\n<p class=\"has-text-align-center\">Konsultacja logopedyczna to pierwszy krok do wsparcia prawid\u0142owego rozwoju mowy dziecka.<\/p>\n\n\n\n<div style=\"height:20px\" aria-hidden=\"true\" class=\"wp-block-spacer\"><\/div>\n<\/div>\n\n\n\n<div class=\"wp-block-column is-layout-flow wp-block-column-is-layout-flow\" style=\"padding-right:var(--wp--preset--spacing--30);padding-left:var(--wp--preset--spacing--30)\"><div class=\"wp-block-image icon-style is-style-default\">\n<figure class=\"aligncenter size-full has-custom-border\"><a href=\"https:\/\/logopedazyrafka.pl\/index.php\/o-mnie\/\"><img loading=\"lazy\" decoding=\"async\" width=\"73\" height=\"72\" src=\"http:\/\/logopedazyrafka.pl\/wp-content\/uploads\/2025\/03\/image-1.png\" alt=\"\" class=\"wp-image-81\" style=\"border-radius:0px\" title=\"\"\/><\/a><\/figure>\n<\/div>\n\n\n<div style=\"height:16px\" aria-hidden=\"true\" class=\"wp-block-spacer\"><\/div>\n\n\n\n<h3 class=\"wp-block-heading has-text-align-center has-neve-text-color-color has-text-color\">O mnie<\/h3>\n\n\n\n<p class=\"has-text-align-center\">Moj\u0105 najwi\u0119ksz\u0105 pasj\u0105 jest praca z dzie\u0107mi, kt\u00f3ra sprawia mi najwi\u0119ksz\u0105 rado\u015b\u0107.<\/p>\n\n\n\n<div style=\"height:20px\" aria-hidden=\"true\" class=\"wp-block-spacer\"><\/div>\n<\/div>\n\n\n\n<div class=\"wp-block-column is-layout-flow wp-block-column-is-layout-flow\" style=\"padding-right:var(--wp--preset--spacing--30);padding-left:var(--wp--preset--spacing--30)\"><div class=\"wp-block-image icon-style is-style-default wp-duotone-unset-2\">\n<figure class=\"aligncenter size-full has-custom-border\"><a href=\"https:\/\/logopedazyrafka.pl\/index.php\/cennik\/\"><img loading=\"lazy\" decoding=\"async\" width=\"73\" height=\"72\" src=\"http:\/\/logopedazyrafka.pl\/wp-content\/uploads\/2025\/03\/image-2.png\" alt=\"\" class=\"wp-image-82\" style=\"border-radius:0px\" title=\"\"\/><\/a><\/figure>\n<\/div>\n\n\n<div style=\"height:16px\" aria-hidden=\"true\" class=\"wp-block-spacer\"><\/div>\n\n\n\n<h3 class=\"wp-block-heading has-text-align-center has-neve-text-color-color has-text-color\">Cennik<\/h3>\n\n\n\n<p class=\"has-text-align-center\">Ceny us\u0142ug<\/p>\n\n\n\n<div style=\"height:20px\" aria-hidden=\"true\" class=\"wp-block-spacer\"><\/div>\n<\/div>\n\n\n\n<div class=\"wp-block-column is-layout-flow wp-block-column-is-layout-flow\" style=\"padding-right:var(--wp--preset--spacing--30);padding-left:var(--wp--preset--spacing--30)\"><div class=\"wp-block-image icon-style is-style-default wp-duotone-unset-3\">\n<figure class=\"aligncenter size-full has-custom-border\"><a href=\"https:\/\/logopedazyrafka.pl\/index.php\/contact\/\"><img loading=\"lazy\" decoding=\"async\" width=\"73\" height=\"72\" src=\"http:\/\/logopedazyrafka.pl\/wp-content\/uploads\/2025\/03\/image-3.png\" alt=\"\" class=\"wp-image-83\" style=\"border-radius:0px\" title=\"\"\/><\/a><\/figure>\n<\/div>\n\n\n<div style=\"height:16px\" aria-hidden=\"true\" class=\"wp-block-spacer\"><\/div>\n\n\n\n<h3 class=\"wp-block-heading has-text-align-center has-neve-text-color-color has-text-color\">Kontakt<\/h3>\n\n\n\n<p class=\"has-text-align-center\">Dane adresowe i kontaktowe<\/p>\n\n\n\n<div style=\"height:20px\" aria-hidden=\"true\" class=\"wp-block-spacer\"><\/div>\n<\/div>\n<\/div>\n\n\n\n<div class=\"wp-block-cover alignfull\" style=\"min-height:600px;aspect-ratio:unset;\"><span aria-hidden=\"true\" class=\"wp-block-cover__background has-nv-light-bg-background-color has-background-dim-80 has-background-dim\"><\/span><div class=\"wp-block-cover__inner-container is-layout-flow wp-block-cover-is-layout-flow\">\n<div class=\"wp-block-group\"><div class=\"wp-block-group__inner-container is-layout-flow wp-block-group-is-layout-flow\">\n<div class=\"wp-block-columns is-layout-flex wp-container-core-columns-is-layout-9d6595d7 wp-block-columns-is-layout-flex\">\n<div class=\"wp-block-column is-layout-flow wp-block-column-is-layout-flow\" style=\"padding-right:0;padding-left:0;flex-basis:20%\">\n<div class=\"wp-block-group is-vertical is-content-justification-center is-layout-flex wp-container-core-group-is-layout-4b2eccd6 wp-block-group-is-layout-flex\"><\/div>\n<\/div>\n\n\n\n<div class=\"wp-block-column is-vertically-aligned-top is-layout-flow wp-block-column-is-layout-flow\" style=\"flex-basis:60%\">\n<div class=\"wp-block-group is-vertical is-content-justification-center is-layout-flex wp-container-core-group-is-layout-4b2eccd6 wp-block-group-is-layout-flex\">\n<h2 class=\"wp-block-heading has-text-align-center has-neve-text-color-color has-text-color has-link-color wp-elements-4270f59fcdcc4712d0cb9b34ff25a3fe\">Diagnoza logopedyczna dzieci od 2 roku \u017cycia<\/h2>\n<\/div>\n<\/div>\n\n\n\n<div class=\"wp-block-column is-layout-flow wp-block-column-is-layout-flow\" style=\"flex-basis:20%\"><\/div>\n<\/div>\n<\/div><\/div>\n\n\n\n<figure class=\"wp-block-image alignwide size-large\"><img loading=\"lazy\" decoding=\"async\" width=\"1024\" height=\"681\" src=\"http:\/\/logopedazyrafka.pl\/wp-content\/uploads\/2025\/03\/psychologist-helping-little-girl-speech-therapy-indoors-1024x681.jpg\" alt=\"\" class=\"wp-image-173\" srcset=\"https:\/\/logopedazyrafka.pl\/wp-content\/uploads\/2025\/03\/psychologist-helping-little-girl-speech-therapy-indoors-1024x681.jpg 1024w, https:\/\/logopedazyrafka.pl\/wp-content\/uploads\/2025\/03\/psychologist-helping-little-girl-speech-therapy-indoors-300x200.jpg 300w, https:\/\/logopedazyrafka.pl\/wp-content\/uploads\/2025\/03\/psychologist-helping-little-girl-speech-therapy-indoors-768x511.jpg 768w, https:\/\/logopedazyrafka.pl\/wp-content\/uploads\/2025\/03\/psychologist-helping-little-girl-speech-therapy-indoors-1536x1022.jpg 1536w, https:\/\/logopedazyrafka.pl\/wp-content\/uploads\/2025\/03\/psychologist-helping-little-girl-speech-therapy-indoors-2048x1363.jpg 2048w\" sizes=\"auto, (max-width: 1024px) 100vw, 1024px\" \/><\/figure>\n<\/div><\/div>\n\n\n\n<p><\/p>\n\n\n\n<div class=\"wp-block-cover alignfull has-nv-text-dark-bg-color has-text-color has-link-color wp-elements-25060280cba0dacb36b512a5f70fe7a0\" style=\"min-height:420px;aspect-ratio:unset;\"><span aria-hidden=\"true\" class=\"wp-block-cover__background has-nv-dark-bg-background-color has-background-dim-100 has-background-dim\"><\/span><div class=\"wp-block-cover__inner-container is-layout-flow wp-block-cover-is-layout-flow\">\n<div class=\"wp-block-columns is-layout-flex wp-container-core-columns-is-layout-9d6595d7 wp-block-columns-is-layout-flex\">\n<div class=\"wp-block-column ticss-4ce656f1 is-layout-flow wp-block-column-is-layout-flow\"><div class=\"wp-block-image is-style-rounded\">\n<figure class=\"aligncenter size-full is-resized\"><img loading=\"lazy\" decoding=\"async\" width=\"1533\" height=\"1413\" src=\"http:\/\/logopedazyrafka.pl\/wp-content\/uploads\/2025\/03\/Majka_1.jpg\" alt=\"\" class=\"wp-image-167\" style=\"aspect-ratio:1;width:88px;height:auto\" srcset=\"https:\/\/logopedazyrafka.pl\/wp-content\/uploads\/2025\/03\/Majka_1.jpg 1533w, https:\/\/logopedazyrafka.pl\/wp-content\/uploads\/2025\/03\/Majka_1-300x277.jpg 300w, https:\/\/logopedazyrafka.pl\/wp-content\/uploads\/2025\/03\/Majka_1-1024x944.jpg 1024w, https:\/\/logopedazyrafka.pl\/wp-content\/uploads\/2025\/03\/Majka_1-768x708.jpg 768w\" sizes=\"auto, (max-width: 1533px) 100vw, 1533px\" \/><\/figure>\n<\/div>\n\n\n<p class=\"has-text-align-center has-nv-text-dark-bg-color has-text-color has-link-color wp-elements-cc732e8278fd1af31f76ac5f2d437b7a\">Nazywam si\u0119 Maria Osi\u0144ska. <br>Z wykszta\u0142cenia jestem logoped\u0105 i posiadam kwalifikacje pedagogiczne.<\/p>\n\n\n\n<p class=\"has-text-align-center has-nv-text-dark-bg-color has-text-color has-small-font-size\" style=\"text-transform:uppercase\">Maria Osi\u0144ska<\/p>\n<\/div>\n<\/div>\n<\/div><\/div>\n\n\n\n<p><\/p>\n\n\n\n<div class=\"wp-block-cover alignfull\" style=\"min-height:300px;aspect-ratio:unset;\"><span aria-hidden=\"true\" class=\"wp-block-cover__background has-neve-link-color-background-color has-background-dim-100 has-background-dim\"><\/span><div class=\"wp-block-cover__inner-container is-layout-flow wp-block-cover-is-layout-flow\">\n<p><\/p>\n\n\n<div class=\"wp-block-image\">\n<figure class=\"aligncenter size-full is-resized\"><img loading=\"lazy\" decoding=\"async\" width=\"522\" height=\"598\" src=\"http:\/\/logopedazyrafka.pl\/wp-content\/uploads\/2025\/03\/Literki5.png\" alt=\"\" class=\"wp-image-107\" style=\"width:129px;height:auto\" srcset=\"https:\/\/logopedazyrafka.pl\/wp-content\/uploads\/2025\/03\/Literki5.png 522w, https:\/\/logopedazyrafka.pl\/wp-content\/uploads\/2025\/03\/Literki5-262x300.png 262w\" sizes=\"auto, (max-width: 522px) 100vw, 522px\" \/><\/figure>\n<\/div>\n\n\n<div class=\"wp-block-columns is-layout-flex wp-container-core-columns-is-layout-9d6595d7 wp-block-columns-is-layout-flex\">\n<div class=\"wp-block-column is-layout-flow wp-block-column-is-layout-flow\" style=\"flex-basis:20%\"><\/div>\n\n\n\n<div class=\"wp-block-column is-layout-flow wp-block-column-is-layout-flow\" style=\"flex-basis:60%\">\n<div class=\"wp-block-group\"><div class=\"wp-block-group__inner-container is-layout-constrained wp-block-group-is-layout-constrained\">\n<h2 class=\"wp-block-heading has-text-align-center has-nv-text-dark-bg-color has-text-color\">Daj swojemu dziecku szans\u0119<br> na lepszy rozw\u00f3j<\/h2>\n\n\n\n<p class=\"has-text-align-center has-nv-text-dark-bg-color has-text-color has-link-color wp-elements-6b102983eabf7178e56a84b57d0ab202\">Skontaktuj si\u0119 z nami<\/p>\n\n\n\n<div class=\"wp-block-buttons is-horizontal is-content-justification-center is-layout-flex wp-container-core-buttons-is-layout-499968f5 wp-block-buttons-is-layout-flex\">\n<div class=\"wp-block-button is-style-primary\"><a class=\"wp-block-button__link has-neve-link-color-color has-text-color has-background has-link-color wp-element-button\" href=\"https:\/\/logopedazyrafka.pl\/index.php\/contact\/\" style=\"background-color:#ffffff\">Kontakt<\/a><\/div>\n<\/div>\n<\/div><\/div>\n<\/div>\n\n\n\n<div class=\"wp-block-column is-layout-flow wp-block-column-is-layout-flow\" style=\"flex-basis:20%\"><\/div>\n<\/div>\n<\/div><\/div>\n\n\n\n<p><\/p>\n","protected":false},"excerpt":{"rendered":"<p>Us\u0142ugi Konsultacja logopedyczna to pierwszy krok do wsparcia prawid\u0142owego rozwoju mowy dziecka. O mnie Moj\u0105 najwi\u0119ksz\u0105 pasj\u0105 jest praca z dzie\u0107mi, kt\u00f3ra sprawia mi najwi\u0119ksz\u0105 rado\u015b\u0107. Cennik Ceny us\u0142ug Kontakt Dane adresowe i kontaktowe<\/p>\n","protected":false},"author":1,"featured_media":0,"parent":0,"menu_order":0,"comment_status":"closed","ping_status":"closed","template":"","meta":{"neve_meta_sidebar":"default","neve_meta_container":"","neve_meta_enable_content_width":"on","neve_meta_content_width":70,"neve_meta_title_alignment":"","neve_meta_author_avatar":"","neve_post_elements_order":"","neve_meta_disable_header":"","neve_meta_disable_footer":"","neve_meta_disable_title":"on","footnotes":""},"class_list":["post-12","page","type-page","status-publish","hentry"],"_links":{"self":[{"href":"https:\/\/logopedazyrafka.pl\/index.php\/wp-json\/wp\/v2\/pages\/12","targetHints":{"allow":["GET"]}}],"collection":[{"href":"https:\/\/logopedazyrafka.pl\/index.php\/wp-json\/wp\/v2\/pages"}],"about":[{"href":"https:\/\/logopedazyrafka.pl\/index.php\/wp-json\/wp\/v2\/types\/page"}],"author":[{"embeddable":true,"href":"https:\/\/logopedazyrafka.pl\/index.php\/wp-json\/wp\/v2\/users\/1"}],"replies":[{"embeddable":true,"href":"https:\/\/logopedazyrafka.pl\/index.php\/wp-json\/wp\/v2\/comments?post=12"}],"version-history":[{"count":39,"href":"https:\/\/logopedazyrafka.pl\/index.php\/wp-json\/wp\/v2\/pages\/12\/revisions"}],"predecessor-version":[{"id":194,"href":"https:\/\/logopedazyrafka.pl\/index.php\/wp-json\/wp\/v2\/pages\/12\/revisions\/194"}],"wp:attachment":[{"href":"https:\/\/logopedazyrafka.pl\/index.php\/wp-json\/wp\/v2\/media?parent=12"}],"curies":[{"name":"wp","href":"https:\/\/api.w.org\/{rel}","templated":true}]}}